{"id":924,"date":"2021-06-25T21:49:37","date_gmt":"2021-06-25T21:49:37","guid":{"rendered":"https:\/\/mlekovitahellas.gr\/?post_type=product&#038;p=924"},"modified":"2022-10-25T08:08:11","modified_gmt":"2022-10-25T08:08:11","slug":"super-body-active-wpc-80-instant-chocolate","status":"publish","type":"product","link":"https:\/\/mlekovitahellas.gr\/en\/product\/super-body-active-wpc-80-instant-chocolate\/","title":{"rendered":"SUPER BODY ACTIVE WPC 80 INSTANT CHOCOLATE"},"content":{"rendered":"<p class=\"title\">SUPER BODY ACTIVE WPC 80 KONCENTRAT BIA\u0141EK SERWATKOWYCH INSTANT CZEKOLADOWY 30 G<\/p>","protected":false},"excerpt":{"rendered":"<p><b>Super Body Active WPC 80 koncentrat bia\u0142ek serwatkowych instant czekoladowy<\/b>\u00a0to najwy\u017cszej jako\u015bci koncentrat bia\u0142ka serwatkowego, kt\u00f3ry stanowi bogate \u017ar\u00f3d\u0142o pe\u0142nowarto\u015bciowych bia\u0142ek (w tym aminokwas\u00f3w BCAA), kt\u00f3re m.in. przyczyniaj\u0105 si\u0119 do wzrostu i\u00a0utrzymania masy mi\u0119\u015bniowej, a\u00a0tak\u017ce wapnia niezb\u0119dnego dla mocnych ko\u015bci i\u00a0zdrowych z\u0119b\u00f3w. Nie zawiera aspartamu i\u00a0glutenu.\u00a0Dodatkowo oferowany jest w\u00a0wersji instant, dzi\u0119ki czemu charakteryzuje si\u0119 doskona\u0142\u0105 rozpuszczalno\u015bci\u0105, a\u00a0dodatek naturalnej lecytyny s\u0142onecznikowej obni\u017ca pienisto\u015b\u0107 produktu (lecytyna jest sk\u0142adnikiem niemal ka\u017cdej kom\u00f3rki organizmu cz\u0142owieka; m.in. pobudza uk\u0142ad nerwowy, wspomaga koncentracj\u0119 i\u00a0procesy zapami\u0119tywania, bierze udzia\u0142 w\u00a0procesach przemiany materii, wspomaga wch\u0142anianie witamin rozpuszczalnych w\u00a0t\u0142uszczach, op\u00f3\u017ania procesy starzenia).<\/p>\n<p>Koncentraty bia\u0142ek serwatkowych z\u00a0MLEKOVITY nie zawieraj\u0105 zb\u0119dnych \u201epolepszaczy\u201d smaku, np. cukru czy t\u0142uszczu, kt\u00f3re dodane do produktu mog\u0142yby wzmocni\u0107 walory smakowe, ale kosztem zawarto\u015bci bia\u0142ka w\u00a0gotowym produkcie. Naszej firmie zale\u017cy na oferowaniu jak najlepszego w\u00a0smaku wyrobu, ale przede wszystkim o\u00a0jak najlepszej warto\u015bci od\u017cywczej: o\u00a0jak najwy\u017cszej zawarto\u015bci pe\u0142nowarto\u015bciowego bia\u0142ka.<\/p>","protected":false},"featured_media":925,"comment_status":"open","ping_status":"closed","template":"","meta":[],"product_cat":[35],"product_tag":[],"class_list":["post-924","product","type-product","status-publish","has-post-thumbnail","hentry","product_cat-35"],"_links":{"self":[{"href":"https:\/\/mlekovitahellas.gr\/en\/wp-json\/wp\/v2\/product\/924","targetHints":{"allow":["GET"]}}],"collection":[{"href":"https:\/\/mlekovitahellas.gr\/en\/wp-json\/wp\/v2\/product"}],"about":[{"href":"https:\/\/mlekovitahellas.gr\/en\/wp-json\/wp\/v2\/types\/product"}],"replies":[{"embeddable":true,"href":"https:\/\/mlekovitahellas.gr\/en\/wp-json\/wp\/v2\/comments?post=924"}],"wp:featuredmedia":[{"embeddable":true,"href":"https:\/\/mlekovitahellas.gr\/en\/wp-json\/wp\/v2\/media\/925"}],"wp:attachment":[{"href":"https:\/\/mlekovitahellas.gr\/en\/wp-json\/wp\/v2\/media?parent=924"}],"wp:term":[{"taxonomy":"product_cat","embeddable":true,"href":"https:\/\/mlekovitahellas.gr\/en\/wp-json\/wp\/v2\/product_cat?post=924"},{"taxonomy":"product_tag","embeddable":true,"href":"https:\/\/mlekovitahellas.gr\/en\/wp-json\/wp\/v2\/product_tag?post=924"}],"curies":[{"name":"wp","href":"https:\/\/api.w.org\/{rel}","templated":true}]}}