{"id":805,"date":"2021-06-25T20:19:49","date_gmt":"2021-06-25T20:19:49","guid":{"rendered":"https:\/\/mlekovitahellas.gr\/?post_type=product&#038;p=805"},"modified":"2022-10-25T08:23:28","modified_gmt":"2022-10-25T08:23:28","slug":"mascarpone","status":"publish","type":"product","link":"https:\/\/mlekovitahellas.gr\/en\/product\/mascarpone\/","title":{"rendered":"MASCARPONE"},"content":{"rendered":"<p class=\"title\">MASCARPONE KUCHMISTRZA 250 G<\/p>","protected":false},"excerpt":{"rendered":"<p><strong>Mascarpone Kuchmistrza<\/strong>\u00a0jest \u015bmietankowo-kremowym\u00a0serem typu w\u0142oskiego, podstawowym sk\u0142adnikiem\u00a0popularnego tiramisu. G\u0119sty i\u00a0kremowy doskonale\u00a0sprawdza si\u0119 tak\u017ce jako sk\u0142adnik innych deser\u00f3w,\u00a0krem\u00f3w do ciast i\u00a0tort\u00f3w czy dodatek do lod\u00f3w.\u00a0Ma delikatnie s\u0142odki smak i\u00a0aksamitn\u0105 konsystencj\u0119\u00a0g\u0119stej, kremowej \u015bmietany, dzi\u0119ki czemu r\u00f3wnie\u00a0dobrze jak smak deser\u00f3w, wzbogaca smak potraw\u00a0podawanych na gor\u0105co: sos\u00f3w, makaron\u00f3w, da\u0144\u00a0mi\u0119snych, warzywnych, a\u00a0nawet pizzy i\u00a0zapiekanek.<br \/>\n<strong>Mascarpone Kuchmistrza\u00a0<\/strong>wyrabiany jest ze \u015bmietanki\u00a0pasteryzowanej. Poza wyj\u0105tkowymi walorami smakowymi\u00a0jest bogatym \u017ar\u00f3d\u0142em wapnia, kt\u00f3ry m.in. przyczynia\u00a0si\u0119 prawid\u0142owego metabolizmu energetycznego,\u00a0i bia\u0142ka, kt\u00f3re pomaga w\u00a0utrzymaniu zdrowych ko\u015bci\u00a0i masy mi\u0119\u015bniowej. Oferowany w\u00a0porcji 250 g, idealnej\u00a0do domowej kuchni.<\/p>","protected":false},"featured_media":806,"comment_status":"open","ping_status":"closed","template":"","meta":[],"product_cat":[33],"product_tag":[],"class_list":["post-805","product","type-product","status-publish","has-post-thumbnail","hentry","product_cat-33"],"_links":{"self":[{"href":"https:\/\/mlekovitahellas.gr\/en\/wp-json\/wp\/v2\/product\/805","targetHints":{"allow":["GET"]}}],"collection":[{"href":"https:\/\/mlekovitahellas.gr\/en\/wp-json\/wp\/v2\/product"}],"about":[{"href":"https:\/\/mlekovitahellas.gr\/en\/wp-json\/wp\/v2\/types\/product"}],"replies":[{"embeddable":true,"href":"https:\/\/mlekovitahellas.gr\/en\/wp-json\/wp\/v2\/comments?post=805"}],"wp:featuredmedia":[{"embeddable":true,"href":"https:\/\/mlekovitahellas.gr\/en\/wp-json\/wp\/v2\/media\/806"}],"wp:attachment":[{"href":"https:\/\/mlekovitahellas.gr\/en\/wp-json\/wp\/v2\/media?parent=805"}],"wp:term":[{"taxonomy":"product_cat","embeddable":true,"href":"https:\/\/mlekovitahellas.gr\/en\/wp-json\/wp\/v2\/product_cat?post=805"},{"taxonomy":"product_tag","embeddable":true,"href":"https:\/\/mlekovitahellas.gr\/en\/wp-json\/wp\/v2\/product_tag?post=805"}],"curies":[{"name":"wp","href":"https:\/\/api.w.org\/{rel}","templated":true}]}}